{"id":37,"date":"2019-07-18T15:53:28","date_gmt":"2019-07-18T15:53:28","guid":{"rendered":"http:\/\/historiadevida.com\/?page_id=37"},"modified":"2024-11-19T18:07:21","modified_gmt":"2024-11-19T18:07:21","slug":"guia-para-historias","status":"publish","type":"page","link":"https:\/\/historiadevida.com\/?page_id=37","title":{"rendered":"Guia para Historias"},"content":{"rendered":"<p>Una historia de vida se puede realizar con las metodolog\u00edas usadas en diversas disciplinas human\u00edsticas, que han hecho de este g\u00e9nero una herramienta \u00fatil para sus trabajos; en consecuencia, existen definiciones y m\u00e9todos particulares seg\u00fan cada disciplina. Tal es el caso, en el \u00e1rea de las ciencias sociales, de la sociolog\u00eda, la antropolog\u00eda, psicolog\u00eda y la etnograf\u00eda, en las que se considera la historia de vida como un m\u00e9todo id\u00f3neo&nbsp; para la recolecci\u00f3n de datos. En literatura, se ha ganado un puesto en las biograf\u00edas, autobiograf\u00edas y relatos y en el periodismo se conform\u00f3 un g\u00e9nero denominado historia de vida period\u00edstica. &nbsp;Nuestra propuesta busca que las historias de vida expresen el proceso que vive cada ser humano, desde su nacimiento hasta el momento actual en el que se pone a organizar sus ideas, lo que es lo mismo, haga referencia a la familia, a los hechos y acontecimientos m\u00e1s importante y a la par de esta remembranza, reconstruir los acontecimientos hist\u00f3ricos, sociales, pol\u00edticos y culturales en la localidad, el pa\u00eds o el mundo.Para la recolecci\u00f3n y elaboraci\u00f3n de las historias de vida proponemos una gu\u00eda que facilita recoger la informaci\u00f3n de forma ordenada y por \u00e1rea tem\u00e1tica de inter\u00e9s. Nuestra propuesta contiene recursos sencillos para que cada persona recoja y escriba su historia de vida.&nbsp;<\/p>","protected":false},"excerpt":{"rendered":"<p>Una historia de vida se puede realizar con las metodolog\u00edas usadas en diversas disciplinas human\u00edsticas, que han hecho de este g\u00e9nero una herramienta \u00fatil para sus trabajos; en consecuencia, existen definiciones y m\u00e9todos particulares seg\u00fan cada disciplina. Tal es el caso, en el \u00e1rea de las ciencias sociales, de la sociolog\u00eda, la antropolog\u00eda, psicolog\u00eda y [&hellip;]<\/p>\n","protected":false},"author":1,"featured_media":0,"parent":0,"menu_order":0,"comment_status":"closed","ping_status":"closed","template":"","meta":{"saved_in_kubio":true,"footnotes":""},"class_list":["post-37","page","type-page","status-publish","hentry"],"kubio_ai_page_context":{"short_desc":"","purpose":"general"},"jetpack_sharing_enabled":true,"_links":{"self":[{"href":"https:\/\/historiadevida.com\/index.php?rest_route=\/wp\/v2\/pages\/37","targetHints":{"allow":["GET"]}}],"collection":[{"href":"https:\/\/historiadevida.com\/index.php?rest_route=\/wp\/v2\/pages"}],"about":[{"href":"https:\/\/historiadevida.com\/index.php?rest_route=\/wp\/v2\/types\/page"}],"author":[{"embeddable":true,"href":"https:\/\/historiadevida.com\/index.php?rest_route=\/wp\/v2\/users\/1"}],"replies":[{"embeddable":true,"href":"https:\/\/historiadevida.com\/index.php?rest_route=%2Fwp%2Fv2%2Fcomments&post=37"}],"version-history":[{"count":9,"href":"https:\/\/historiadevida.com\/index.php?rest_route=\/wp\/v2\/pages\/37\/revisions"}],"predecessor-version":[{"id":436,"href":"https:\/\/historiadevida.com\/index.php?rest_route=\/wp\/v2\/pages\/37\/revisions\/436"}],"wp:attachment":[{"href":"https:\/\/historiadevida.com\/index.php?rest_route=%2Fwp%2Fv2%2Fmedia&parent=37"}],"curies":[{"name":"wp","href":"https:\/\/api.w.org\/{rel}","templated":true}]}}